{"id":10,"date":"2015-01-11T09:48:55","date_gmt":"2015-01-11T09:48:55","guid":{"rendered":"http:\/\/bart-dz.com\/site\/?page_id=10"},"modified":"2020-12-06T15:04:27","modified_gmt":"2020-12-06T14:04:27","slug":"accueil","status":"publish","type":"page","link":"https:\/\/bart-dz.com\/site\/accueil\/","title":{"rendered":"Accueil"},"content":{"rendered":"<div id=\"pl-10\"  class=\"panel-layout\" ><div id=\"pg-10-0\"  class=\"panel-grid panel-no-style\" ><div id=\"pgc-10-0-0\"  class=\"panel-grid-cell\" >\t\t<section id=\"blockquote\" class=\"blockquote-area\">\n\t\t\t<div class=\"container\">\t\t\t\n\t\t\t\t<h3 class=\"widget-title\"><span class=\"wow bounce\">Qui sommes nous ?<\/span><\/h3>\t\t\t\t\t\t\t\t\t<div class=\"bq-img col-md-6 col-sm-6 col-xs-6 wow fadeInUp\">\n\t\t\t\t\t\t<img src=\"http:\/\/bart-dz.com\/site\/wp-content\/uploads\/2015\/01\/present2.jpg\" \/>\n\t\t\t\t\t<\/div>\n\t\t\t\t\t<div class=\"bq-text col-md-6 col-sm-6 col-xs-6\">\n\t\t\t\t\t\t\t\t\t<blockquote class=\"wow fadeInUp\">Cr\u00e9e en 1992, par l&#039;association de deux Architectes &quot; Hocine Sa\u00efdi et Hacene Yahiaoui &quot; sous forme de soci\u00e9t\u00e9 civile professionnelle.\n\nBART est un bureau d&#039;\u00e9tude pluridisciplinaire organis\u00e9 en 03 Services :\n- Service \u00c9tude\n- Service suivi des travaux\n- Service March\u00e9\n\nL&#039;ensemble de l&#039;\u00e9quipe est compos\u00e9e de 35 salari\u00e9s, entre Cadres et Agents de ma\u00eetrise.\nBART dispose d&#039;un si\u00e8ge social en pleine propri\u00e9t\u00e9 sis \u00e0 B\u00e9jaia. \n\nNos principaux Clients\nDLEP, DSP, DUC, Commune B\u00e9jaia, OPGI, Agence Fonci\u00e8re B\u00e9jaia ALFOB, EPLF B\u00e9jaia. <\/blockquote>\n\t\t\t\t\t<cite class=\"wow fadeInUp\"><\/cite>\n\t\t\t\t<\/div>\t\n\t\t\t<\/div>\t\t\n\t\t<\/section>\t\t\n\t<\/div><\/div><div id=\"pg-10-1\"  class=\"panel-grid panel-no-style\" ><div id=\"pgc-10-1-0\"  class=\"panel-grid-cell\" >\t\t<section id=\"call-to-action\" class=\"action-area\">\n\t\t\t<div class=\"container\">\n\t\t\t\t<h3 class=\"widget-title\"><span class=\"wow bounce\">Nos services<\/span><\/h3>\t\t\t\t\t\t\t\t\n\t\t\t\t\t<div class=\"action-text wow zoomIn\">\n\t\t\t\t\t\tMa\u00eetrise d\u2019oeuvre en Architecture et Urbanisme\n\u2013 Assistance technique et conseil\n\u2013 Assistance \u00e0 la Ma\u00eetrise d\u2019ouvrage.\n\nChamps d\u2019action\n\u2013 Logements, \u00c9quipements administratif,\nComercial, touristique, industriel.\n\u2013 Am\u00e9nagement urbains\n\u2013 Am\u00e9nagement Touristique\t\t\t\t\t<\/div>\n\t\t\t\t\t\t\t\t\t\n\t\t\t\t\t<a href=\"http:\/\/bart-dz.com\/site\/services\/\" class=\"call-to-action wow zoomInUp\">Lire plus<\/a>\n\t\t\t\t\t\t\t<\/div>\n\t\t\t\t\t<style type=\"text\/css\">\n\t\t\t\t.action-area {\n\t\t\t\t    display: block;\t\t\t    \n\t\t\t\t\tbackground: url(http:\/\/bart-dz.com\/site\/wp-content\/uploads\/2015\/01\/wallhaven-1573841.jpg) no-repeat;\n\t\t\t\t\tbackground-position: center top;\n\t\t\t\t\tbackground-attachment: fixed;\n\t\t\t\t\tbackground-size: cover;\n\t\t\t\t\tz-index: -1;\n\t\t\t\t}\n\t\t\t<\/style>\n\t\t\t\t\t\t\t\t\t\t\t\t\t\n\t\t<\/section>\t\t\n\t<\/div><\/div><div id=\"pg-10-2\"  class=\"panel-grid panel-no-style\" ><div id=\"pgc-10-2-0\"  class=\"panel-grid-cell\" ><div id=\"panel-10-2-0-0\" class=\"so-panel widget widget_text panel-first-child panel-last-child\" data-index=\"2\" ><h3 class=\"widget-title\">Nos projets<\/h3>\t\t\t<div class=\"textwidget\"><div id=\"wondergridgallerylightbox_options\" data-skinsfoldername=\"skins\/default\/\"  data-jsfolder=\"https:\/\/bart-dz.com\/site\/wp-content\/plugins\/wonderplugin-gridgallery\/engine\/\" style=\"display:none;\"><\/div>\r\n<style type=\"text\/css\">@import url(http:\/\/fonts.googleapis.com\/css?family=Open+Sans);  #wonderplugingridgallery-1 .wonderplugin-gridgallery-item-text {     background-color: rgba(51, 51, 51, 0.5);     color: #fff;     text-align: center;     font: 14px \"open sans\", Arial, Helvetica, sans-serif;     padding: 8px 0px;     position: absolute;     left: 0px;     bottom: 0px;     width: 100%; }<\/style><div class=\"wonderplugingridgallery\" id=\"wonderplugingridgallery-1\" data-gridgalleryid=\"1\" data-width=\"230\" data-height=\"180\" data-skin=\"threecolumns\" data-random=\"false\" data-shownavigation=\"true\" data-hoverzoomin=\"true\" data-responsive=\"true\" data-mediumscreen=\"true\" data-smallscreen=\"true\" data-showtitle=\"true\" data-lightboxshowtitle=\"true\" data-lightboxshowdescription=\"false\" data-lightboxresponsive=\"true\" data-circularimage=\"false\" data-firstimage=\"false\" data-thumbwidth=\"90\" data-thumbheight=\"60\" data-thumbtopmargin=\"12\" data-thumbbottommargin=\"4\" data-barheight=\"64\" data-titlebottomcss=\"{color:#333; font-size:14px; font-family:Armata,sans-serif,Arial; overflow:hidden; text-align:left;}\" data-descriptionbottomcss=\"{color:#333; font-size:12px; font-family:Arial,Helvetica,sans-serif; overflow:hidden; text-align:left; margin:4px 0px 0px; padding: 0px;}\" data-googleanalyticsaccount=\"\" data-gap=\"4\" data-margin=\"0\" data-borderradius=\"0\" data-hoverzoominvalue=\"24\" data-hoverzoominduration=\"180\" data-videoplaybutton=\"playvideo-64-64-0.png\" data-column=\"3\" data-mediumcolumn=\"2\" data-mediumscreensize=\"800\" data-smallcolumn=\"1\" data-smallscreensize=\"600\" data-titlemode=\"mouseover\" data-titleeffect=\"slide\" data-titleeffectduration=\"300\" data-jsfolder=\"https:\/\/bart-dz.com\/site\/wp-content\/plugins\/wonderplugin-gridgallery\/engine\/\" data-skinsfoldername=\"skins\/default\/\" style=\"display:none;position:relative;margin:0 auto;width:100%;max-width:698px;\" ><div class=\"wonderplugin-gridgallery-list\" style=\"display:block;position:relative;max-width:100%;margin:0 auto;\"><div class=\"wonderplugin-gridgallery-item\" data-row=\"1\" data-col=\"1\"><div class=\"wonderplugin-gridgallery-item-container\"><a href=\"http:\/\/bart-dz.com\/site\/projets-residentiel\/\" target=\"_self\" title=\"Projets R\u00e9sidentiels\" rel=\"noopener\"><img src=\"http:\/\/bart-dz.com\/site\/wp-content\/uploads\/2015\/01\/residentiel.jpg\" \/><\/a><\/div><\/div><div class=\"wonderplugin-gridgallery-item\" data-row=\"1\" data-col=\"1\"><div class=\"wonderplugin-gridgallery-item-container\"><a href=\"http:\/\/bart-dz.com\/site\/projets-equipement\/\" target=\"_self\" title=\"Projets \u00e9quipement\" rel=\"noopener\"><img src=\"http:\/\/bart-dz.com\/site\/wp-content\/uploads\/2015\/01\/equipement-300x230.jpg\" \/><\/a><\/div><\/div><div class=\"wonderplugin-gridgallery-item\" data-row=\"1\" data-col=\"1\"><div class=\"wonderplugin-gridgallery-item-container\"><a href=\"http:\/\/bart-dz.com\/site\/projets-industriel\/\" target=\"_self\" title=\"Projets industriels\" rel=\"noopener\"><img src=\"http:\/\/bart-dz.com\/site\/wp-content\/uploads\/2015\/01\/industriel.jpg\" \/><\/a><\/div><\/div><div class=\"wonderplugin-gridgallery-item\" data-row=\"1\" data-col=\"1\"><div class=\"wonderplugin-gridgallery-item-container\"><a href=\"http:\/\/bart-dz.com\/site\/projets-urbanisme\/\" target=\"_self\" title=\"Projets urbanisme\" rel=\"noopener\"><img src=\"http:\/\/bart-dz.com\/site\/wp-content\/uploads\/2015\/01\/urbanisme.jpg\" \/><\/a><\/div><\/div><div class=\"wonderplugin-gridgallery-item\" data-row=\"1\" data-col=\"1\"><div class=\"wonderplugin-gridgallery-item-container\"><a href=\"http:\/\/bart-dz.com\/site\/projets-tourisme\/\" target=\"_self\" title=\"Projets tourisme\" rel=\"noopener\"><img src=\"http:\/\/bart-dz.com\/site\/wp-content\/uploads\/2015\/01\/tourism.jpg\" \/><\/a><\/div><\/div><div class=\"wonderplugin-gridgallery-item\" data-row=\"1\" data-col=\"1\"><div class=\"wonderplugin-gridgallery-item-container\"><a href=\"http:\/\/bart-dz.com\/site\/concours-2\/\" target=\"_self\" title=\"concours\" rel=\"noopener\"><img src=\"http:\/\/bart-dz.com\/site\/wp-content\/uploads\/2015\/01\/concours.jpg\" \/><\/a><\/div><\/div><div style=\"clear:both;\"><\/div><\/div><div class=\"wonderplugin-gridgallery-engine\"><a href=\"http:\/\/www.wonderplugin.com\/wordpress-gridgallery\/\" title=\"WordPress Grid Gallery Plugin\">WordPress Grid Gallery Plugin<\/a><\/div><\/div><\/div>\n\t\t<\/div><\/div><\/div><div id=\"pg-10-3\"  class=\"panel-grid panel-no-style\" ><div id=\"pgc-10-3-0\"  class=\"panel-grid-cell\" >\t\t<section id=\"latest-news\" class=\"latest-news-area\">\n\t\t\t<div class=\"container\">\n\t\t\t\t<h3 class=\"widget-title\"><span class=\"wow bounce\">NOS ACTUALITES<\/span><\/h3>\t\t\t\t<div class=\"clearfix\">\n\t\t\t\t\t\t\t\t\t\t\t<div class=\"blog-post col-md-4 col-sm-6 col-xs-6\">\n\t\t\t\t\t\t\t\t\t\t\t\t\t\t\t<div class=\"entry-thumb wow fadeInDown\">\n\t\t\t\t\t\t\t\t\t<a href=\"https:\/\/bart-dz.com\/site\/blog\/quatrieme-actualite\/\" title=\"Bart recrute dans l\u2019imm\u00e9diat\" >\n\t\t\t\t\t\t\t\t\t\t<img width=\"300\" height=\"200\" src=\"https:\/\/bart-dz.com\/site\/wp-content\/uploads\/2015\/01\/recrutement.jpg\" class=\"attachment-moesia-thumb size-moesia-thumb wp-post-image\" alt=\"\" loading=\"lazy\" srcset=\"https:\/\/bart-dz.com\/site\/wp-content\/uploads\/2015\/01\/recrutement.jpg 300w, https:\/\/bart-dz.com\/site\/wp-content\/uploads\/2015\/01\/recrutement-272x182.jpg 272w\" sizes=\"(max-width: 300px) 100vw, 300px\" \/>\t\t\t\t\t\t\t\t\t<\/a>\t\t\t\n\t\t\t\t\t\t\t\t<\/div>\t\n\t\t\t\t\t\t\t\t\t\t\t\t\t\n\t\t\t\t\t\t\t<h4 class=\"actufront\"><a href=\"https:\/\/bart-dz.com\/site\/blog\/quatrieme-actualite\/\" rel=\"bookmark\">Bart recrute dans l\u2019imm\u00e9diat<\/a><\/h4>\t\t\t\t\t\t\t<div class=\"entry-summary wow fadeInUp\"><p>Envoyer Votre demande accampagn\u00e9e de votre CV\u00a0<\/p>\n<\/div>\n\t\t\t\t\t\t<\/div>\n\t\t\t\t\t\t\t\t\t\t\t<div class=\"blog-post col-md-4 col-sm-6 col-xs-6\">\n\t\t\t\t\t\t\t\t\t\t\t\t\t\t\t<div class=\"entry-thumb wow fadeInDown\">\n\t\t\t\t\t\t\t\t\t<a href=\"https:\/\/bart-dz.com\/site\/blog\/troisieme-actualite\/\" title=\"PROMOTION IMMOBILIERE\" >\n\t\t\t\t\t\t\t\t\t\t<img width=\"300\" height=\"224\" src=\"https:\/\/bart-dz.com\/site\/wp-content\/uploads\/2015\/01\/sigli.jpg\" class=\"attachment-moesia-thumb size-moesia-thumb wp-post-image\" alt=\"\" loading=\"lazy\" \/>\t\t\t\t\t\t\t\t\t<\/a>\t\t\t\n\t\t\t\t\t\t\t\t<\/div>\t\n\t\t\t\t\t\t\t\t\t\t\t\t\t\n\t\t\t\t\t\t\t<h4 class=\"actufront\"><a href=\"https:\/\/bart-dz.com\/site\/blog\/troisieme-actualite\/\" rel=\"bookmark\">PROMOTION IMMOBILIERE<\/a><\/h4>\t\t\t\t\t\t\t<div class=\"entry-summary wow fadeInUp\"><p>La soci\u00e9t\u00e9 d&rsquo;architectes BART en collaboration avec la SARL sigli immobili\u00e8re,\u00a0vous propose une habitation de r\u00eaves, villa haut standing avec piscine et jardin dans une r\u00e9sidence s\u00e9curis\u00e9e \u00e0 Oued Ghir. [&hellip;]<\/p>\n<\/div>\n\t\t\t\t\t\t<\/div>\n\t\t\t\t\t\t\t\t\t<\/div>\n\t\t\t\t<a href=\"http:\/\/bart-dz.com\/site\/actualites\/\" class=\"all-news\">Voir toutes nos actualit&eacute;s<\/a>\n\t\t\t<\/div>\n\t\t\t\t\t\t\n\t\t<\/section>\t\t\n\t<\/div><\/div><div id=\"pg-10-4\"  class=\"panel-grid panel-no-style\" ><div id=\"pgc-10-4-0\"  class=\"panel-grid-cell\" >\t\t<section id=\"social\" class=\"social-area\">\t\t\n\n\t\t<h3 class=\"widget-title\"><span class=\"wow bounce\">Vous pouvez nous suivre<\/span><\/h3>\t\t\t<div class=\"container wow zoomInUp\">\n\t\t\t\t<div class=\"menu-social-container\"><ul id=\"menu-social\" class=\"menu clearfix\"><li id=\"menu-item-88\" class=\"menu-item menu-item-type-custom menu-item-object-custom menu-item-88\"><a href=\"https:\/\/www.facebook.com\/bartarchitectes\"><span class=\"screen-reader-text\">fb<\/span><\/a><\/li>\n<li id=\"menu-item-89\" class=\"menu-item menu-item-type-custom menu-item-object-custom menu-item-89\"><a href=\"https:\/\/twitter.com\/bartarchitectes\"><span class=\"screen-reader-text\">tw<\/span><\/a><\/li>\n<li id=\"menu-item-91\" class=\"menu-item menu-item-type-custom menu-item-object-custom menu-item-91\"><a href=\"https:\/\/www.linkedin.com\/company\/bart-soci\u00e9t\u00e9-d&#039;architectes\"><span class=\"screen-reader-text\">Linkedin<\/span><\/a><\/li>\n<\/ul><\/div>\t\t\t<\/div>\n\t\t<\/section>\n\t\t\t\t\t<style type=\"text\/css\">\n\t\t\t\t.social-area {\n\t\t\t\t    display: block;\t\t\t    \n\t\t\t\t\tbackground: url(http:\/\/bart-dz.com\/site\/wp-content\/uploads\/2015\/01\/wallhaven-2047531.jpg) no-repeat;\n\t\t\t\t\tbackground-position: center top;\n\t\t\t\t\tbackground-attachment: fixed;\n\t\t\t\t\tbackground-size: cover;\n\t\t\t\t\tz-index: -1;\n\t\t\t\t}\n\t\t\t<\/style>\n\t\t\t\t\t\n\t\t\n\t\t<\/div><\/div><\/div>","protected":false},"excerpt":{"rendered":"<p>Nos projets WordPress Grid Gallery Plugin<\/p>\n","protected":false},"author":1,"featured_media":0,"parent":0,"menu_order":0,"comment_status":"closed","ping_status":"closed","template":"page_front-page.php","meta":{"om_disable_all_campaigns":false,"_monsterinsights_skip_tracking":false,"_monsterinsights_sitenote_active":false,"_monsterinsights_sitenote_note":"","_monsterinsights_sitenote_category":0},"aioseo_notices":[],"_links":{"self":[{"href":"https:\/\/bart-dz.com\/site\/wp-json\/wp\/v2\/pages\/10"}],"collection":[{"href":"https:\/\/bart-dz.com\/site\/wp-json\/wp\/v2\/pages"}],"about":[{"href":"https:\/\/bart-dz.com\/site\/wp-json\/wp\/v2\/types\/page"}],"author":[{"embeddable":true,"href":"https:\/\/bart-dz.com\/site\/wp-json\/wp\/v2\/users\/1"}],"replies":[{"embeddable":true,"href":"https:\/\/bart-dz.com\/site\/wp-json\/wp\/v2\/comments?post=10"}],"version-history":[{"count":63,"href":"https:\/\/bart-dz.com\/site\/wp-json\/wp\/v2\/pages\/10\/revisions"}],"predecessor-version":[{"id":801,"href":"https:\/\/bart-dz.com\/site\/wp-json\/wp\/v2\/pages\/10\/revisions\/801"}],"wp:attachment":[{"href":"https:\/\/bart-dz.com\/site\/wp-json\/wp\/v2\/media?parent=10"}],"curies":[{"name":"wp","href":"https:\/\/api.w.org\/{rel}","templated":true}]}}